{"id":49,"date":"2023-09-19T04:40:11","date_gmt":"2023-09-19T04:40:11","guid":{"rendered":"https:\/\/demoapus1.com\/boxcar\/?page_id=49"},"modified":"2025-05-24T14:32:07","modified_gmt":"2025-05-24T14:32:07","slug":"contact","status":"publish","type":"page","link":"https:\/\/xpmotors.com.mx\/en\/contact\/","title":{"rendered":"Contact"},"content":{"rendered":"\t\t<div data-elementor-type=\"wp-page\" data-elementor-id=\"49\" class=\"elementor elementor-49\" data-elementor-post-type=\"page\">\n\t\t\t\t<div class=\"elementor-element elementor-element-ed7809f e-flex e-con-boxed elementor-invisible e-con e-parent\" data-id=\"ed7809f\" data-element_type=\"container\" data-settings=\"{&quot;animation&quot;:&quot;slide-up&quot;}\">\n\t\t\t\t\t<div class=\"e-con-inner\">\n\t\t<div class=\"elementor-element elementor-element-ed0514b e-con-full e-flex e-con e-child\" data-id=\"ed0514b\" data-element_type=\"container\">\n\t\t\t\t<div class=\"elementor-element elementor-element-2361e7c elementor-widget elementor-widget-google_maps\" data-id=\"2361e7c\" data-element_type=\"widget\" data-widget_type=\"google_maps.default\">\n\t\t\t\t<div class=\"elementor-widget-container\">\n\t\t\t\t\t\t\t<div class=\"elementor-custom-embed\">\n\t\t\t<iframe loading=\"lazy\"\n\t\t\t\t\tsrc=\"https:\/\/maps.google.com\/maps?q=Acueducto%20rio%20hondo%20219&#038;t=m&#038;z=14&#038;output=embed&#038;iwloc=near\"\n\t\t\t\t\ttitle=\"Acueducto rio hondo 219\"\n\t\t\t\t\taria-label=\"Acueducto rio hondo 219\"\n\t\t\t><\/iframe>\n\t\t<\/div>\n\t\t\t\t\t\t<\/div>\n\t\t\t\t<\/div>\n\t\t\t\t<\/div>\n\t\t\t\t\t<\/div>\n\t\t\t\t<\/div>\n\t\t<div class=\"elementor-element elementor-element-5984581 e-flex e-con-boxed elementor-invisible e-con e-parent\" data-id=\"5984581\" data-element_type=\"container\" data-settings=\"{&quot;animation&quot;:&quot;slide-up&quot;}\">\n\t\t\t\t\t<div class=\"e-con-inner\">\n\t\t<div class=\"elementor-element elementor-element-6206649 e-con-full e-flex e-con e-child\" data-id=\"6206649\" data-element_type=\"container\">\n\t\t\t\t<div class=\"elementor-element elementor-element-40a9b04 elementor-widget elementor-widget-heading\" data-id=\"40a9b04\" data-element_type=\"widget\" data-widget_type=\"heading.default\">\n\t\t\t\t<div class=\"elementor-widget-container\">\n\t\t\t\t\t<h2 class=\"elementor-heading-title elementor-size-default\">Luxury Begins with a Single Step.<\/h2>\t\t\t\t<\/div>\n\t\t\t\t<\/div>\n\t\t\t\t<div class=\"elementor-element elementor-element-b91a6da elementor-widget__width-initial elementor-widget elementor-widget-text-editor\" data-id=\"b91a6da\" data-element_type=\"widget\" data-widget_type=\"text-editor.default\">\n\t\t\t\t<div class=\"elementor-widget-container\">\n\t\t\t\t\t\t\t\t\t<p class=\"p3\">We are here to take your automotive experience to the next level. Whether you\u2019re looking to customize your vehicle, enhance its performance, or find exclusive parts, our team is ready to make your dream car a reality.<\/p>\t\t\t\t\t\t\t\t<\/div>\n\t\t\t\t<\/div>\n\t\t\t\t<div class=\"elementor-element elementor-element-45f1190 elementor-widget elementor-widget-shortcode\" data-id=\"45f1190\" data-element_type=\"widget\" data-widget_type=\"shortcode.default\">\n\t\t\t\t<div class=\"elementor-widget-container\">\n\t\t\t\t\t\t\t<div class=\"elementor-shortcode\">\n<div class=\"wpcf7 no-js\" id=\"wpcf7-f1975-o1\" lang=\"en-US\" dir=\"ltr\" data-wpcf7-id=\"1975\">\n<div class=\"screen-reader-response\"><p role=\"status\" aria-live=\"polite\" aria-atomic=\"true\"><\/p> <ul><\/ul><\/div>\n<form action=\"\/en\/wp-json\/wp\/v2\/pages\/49#wpcf7-f1975-o1\" method=\"post\" class=\"wpcf7-form init\" aria-label=\"Contact form\" novalidate=\"novalidate\" data-status=\"init\">\n<div style=\"display: none;\">\n<input type=\"hidden\" name=\"_wpcf7\" value=\"1975\" \/>\n<input type=\"hidden\" name=\"_wpcf7_version\" value=\"6.0.6\" \/>\n<input type=\"hidden\" name=\"_wpcf7_locale\" value=\"en_US\" \/>\n<input type=\"hidden\" name=\"_wpcf7_unit_tag\" value=\"wpcf7-f1975-o1\" \/>\n<input type=\"hidden\" name=\"_wpcf7_container_post\" value=\"0\" \/>\n<input type=\"hidden\" name=\"_wpcf7_posted_data_hash\" value=\"\" \/>\n<\/div>\n<div class=\"row\">\n\t<div class=\"col-12 col-md-6\">\n\t\t<div class=\"form-group\">\n\t\t\t<p><label>First Name*<\/label><br \/>\n<span class=\"wpcf7-form-control-wrap\" data-name=\"your-first-name\"><input size=\"40\" maxlength=\"400\" class=\"wpcf7-form-control wpcf7-text wpcf7-validates-as-required form-control\" aria-required=\"true\" aria-invalid=\"false\" placeholder=\"Ali\" value=\"\" type=\"text\" name=\"your-first-name\" \/><\/span>\n\t\t\t<\/p>\n\t\t<\/div>\n\t<\/div>\n\t<div class=\"col-12 col-md-6\">\n\t\t<div class=\"form-group\">\n\t\t\t<p><label>Last Name*<\/label><br \/>\n<span class=\"wpcf7-form-control-wrap\" data-name=\"your-last-name\"><input size=\"40\" maxlength=\"400\" class=\"wpcf7-form-control wpcf7-text wpcf7-validates-as-required form-control\" aria-required=\"true\" aria-invalid=\"false\" placeholder=\"Tufan\" value=\"\" type=\"text\" name=\"your-last-name\" \/><\/span>\n\t\t\t<\/p>\n\t\t<\/div>\n\t<\/div>\n<\/div>\n<div class=\"row\">\n\t<div class=\"col-12 col-md-6\">\n\t\t<div class=\"form-group\">\n\t\t\t<p><label>Email*<\/label><br \/>\n<span class=\"wpcf7-form-control-wrap\" data-name=\"your-email\"><input size=\"40\" maxlength=\"400\" class=\"wpcf7-form-control wpcf7-email wpcf7-validates-as-required wpcf7-text wpcf7-validates-as-email form-control\" aria-required=\"true\" aria-invalid=\"false\" placeholder=\"example@gmail.com\" value=\"\" type=\"email\" name=\"your-email\" \/><\/span>\n\t\t\t<\/p>\n\t\t<\/div>\n\t<\/div>\n\t<div class=\"col-12 col-md-6\">\n\t\t<div class=\"form-group\">\n\t\t\t<p><label>Phone<\/label><br \/>\n<span class=\"wpcf7-form-control-wrap\" data-name=\"your-phone\"><input size=\"40\" maxlength=\"400\" class=\"wpcf7-form-control wpcf7-text form-control\" aria-invalid=\"false\" placeholder=\"+90 123 456 789\" value=\"\" type=\"text\" name=\"your-phone\" \/><\/span>\n\t\t\t<\/p>\n\t\t<\/div>\n\t<\/div>\n<\/div>\n<div class=\"form-group\">\n\t<p><label>Message<\/label><br \/>\n<span class=\"wpcf7-form-control-wrap\" data-name=\"your-message\"><textarea cols=\"40\" rows=\"10\" maxlength=\"2000\" class=\"wpcf7-form-control wpcf7-textarea form-control\" aria-invalid=\"false\" placeholder=\"Lorem Ipsum Dolar Sit Amet\" name=\"your-message\"><\/textarea><\/span>\n\t<\/p>\n<\/div>\n<div class=\"position-relative d-inline-block\">\n\t<p><input class=\"wpcf7-form-control wpcf7-submit has-spinner btn btn-theme\" type=\"submit\" value=\"Send Message\" \/>\n\t<\/p>\n<\/div><div class=\"wpcf7-response-output\" aria-hidden=\"true\"><\/div>\n<\/form>\n<\/div>\n<\/div>\n\t\t\t\t\t\t<\/div>\n\t\t\t\t<\/div>\n\t\t\t\t<\/div>\n\t\t<div class=\"elementor-element elementor-element-677f024 e-con-full elementor-hidden-tablet elementor-hidden-mobile e-flex e-con e-child\" data-id=\"677f024\" data-element_type=\"container\">\n\t\t\t\t<\/div>\n\t\t<div class=\"elementor-element elementor-element-1493b95 e-con-full e-flex e-con e-child\" data-id=\"1493b95\" data-element_type=\"container\">\n\t\t\t\t<div class=\"elementor-element elementor-element-1a8fe6a elementor-widget elementor-widget-heading\" data-id=\"1a8fe6a\" data-element_type=\"widget\" data-widget_type=\"heading.default\">\n\t\t\t\t<div class=\"elementor-widget-container\">\n\t\t\t\t\t<h2 class=\"elementor-heading-title elementor-size-default\">Contact<\/h2>\t\t\t\t<\/div>\n\t\t\t\t<\/div>\n\t\t\t\t<div class=\"elementor-element elementor-element-7e17de0 elementor-widget elementor-widget-text-editor\" data-id=\"7e17de0\" data-element_type=\"widget\" data-widget_type=\"text-editor.default\">\n\t\t\t\t<div class=\"elementor-widget-container\">\n\t\t\t\t\t\t\t\t\t<p class=\"p1\">At XPMotors, we make your dream car a reality by providing the personalized attention you need to find your next vehicle a service crafted for those who demand nothing but the best.<\/p><p class=\"p1\">Step on the gas and drive the car you\u2019ve always wanted. We\u2019re just one message awa<\/p>\t\t\t\t\t\t\t\t<\/div>\n\t\t\t\t<\/div>\n\t\t\t\t<div class=\"elementor-element elementor-element-3b9d106 elementor-widget elementor-widget-apus_element_list_icon\" data-id=\"3b9d106\" data-element_type=\"widget\" data-widget_type=\"apus_element_list_icon.default\">\n\t\t\t\t<div class=\"elementor-widget-container\">\n\t\t\t\t\t            <div class=\"widget-list-icon \">\n                                                <div class=\"list-icon d-flex style1\">\n                                    <div class=\"features-box-image img\"><img decoding=\"async\" width=\"20\" height=\"22\" src=\"https:\/\/xpmotors.com.mx\/wp-content\/uploads\/2023\/10\/pin.svg\" class=\"attachment-full size-full wp-image-1951\" alt=\"\" \/><\/div><div class=\"box-content\"><h3 class=\"title\">Address<\/h3><div class=\"description\">Acueducto R\u00edo Hondo 219, Lomas - Virreyes, Lomas de Chapultepec IV Secc, Miguel Hidalgo, 11000 Ciudad de M\u00e9xico, CDMX<\/div><\/div>\n                            <\/div>\n                                                <div class=\"list-icon d-flex style1\">\n                                    <div class=\"features-box-image img\"><img decoding=\"async\" width=\"24\" height=\"22\" src=\"https:\/\/xpmotors.com.mx\/wp-content\/uploads\/2023\/10\/mail-1.svg\" class=\"attachment-full size-full wp-image-1958\" alt=\"\" \/><\/div><div class=\"box-content\"><h3 class=\"title\">Email<\/h3><div class=\"description\">contacto@xpmotors.com<\/div><\/div>\n                            <\/div>\n                                                <div class=\"list-icon d-flex style1\">\n                                    <div class=\"features-box-image img\"><img decoding=\"async\" width=\"26\" height=\"26\" src=\"https:\/\/xpmotors.com.mx\/wp-content\/uploads\/2023\/10\/phone-1.svg\" class=\"attachment-full size-full wp-image-1959\" alt=\"\" \/><\/div><div class=\"box-content\"><h3 class=\"title\">Phone<\/h3><div class=\"description\">+52 55 1234 5677<\/div><\/div>\n                            <\/div>\n                                <\/div>\n            \t\t\t\t<\/div>\n\t\t\t\t<\/div>\n\t\t\t\t<div class=\"elementor-element elementor-element-f278eec elementor-widget elementor-widget-heading\" data-id=\"f278eec\" data-element_type=\"widget\" data-widget_type=\"heading.default\">\n\t\t\t\t<div class=\"elementor-widget-container\">\n\t\t\t\t\t<h2 class=\"elementor-heading-title elementor-size-default\">Follos Us<\/h2>\t\t\t\t<\/div>\n\t\t\t\t<\/div>\n\t\t\t\t<div class=\"elementor-element elementor-element-7cdbc25 elementor-widget elementor-widget-apus_element_social_links\" data-id=\"7cdbc25\" data-element_type=\"widget\" data-widget_type=\"apus_element_social_links.default\">\n\t\t\t\t<div class=\"elementor-widget-container\">\n\t\t\t\t\t\n        <div class=\"widget-socials  \">\n                        <ul class=\"social list-inline\">\n                                    <li>\n                        <a href=\"#\" target=\"_blank\">\n                            <i class=\"fab fa-facebook-f\"><\/i>                        <\/a>\n                    <\/li>\n                                    <li>\n                        <a href=\"#\" target=\"_blank\">\n                            <i class=\"fab fa-twitter\"><\/i>                        <\/a>\n                    <\/li>\n                                    <li>\n                        <a href=\"#\" target=\"_blank\">\n                            <i class=\"fab fa-instagram\"><\/i>                        <\/a>\n                    <\/li>\n                                    <li>\n                        <a href=\"#\" target=\"_blank\">\n                            <i class=\"fab fa-linkedin-in\"><\/i>                        <\/a>\n                    <\/li>\n                            <\/ul>\n        <\/div> \n        \t\t\t\t<\/div>\n\t\t\t\t<\/div>\n\t\t\t\t<\/div>\n\t\t\t\t\t<\/div>\n\t\t\t\t<\/div>\n\t\t\t\t<\/div>\n\t\t","protected":false},"excerpt":{"rendered":"<p>Luxury Begins with a Single Step. We are here to take your automotive experience to the next level. Whether you\u2019re looking to customize your vehicle, enhance its performance, or find exclusive parts, our team is ready to make your dream car a reality. Contact At XPMotors, we make your dream car a reality by providing [&hellip;]<\/p>\n","protected":false},"author":1,"featured_media":0,"parent":0,"menu_order":0,"comment_status":"closed","ping_status":"closed","template":"","meta":{"footnotes":""},"class_list":["post-49","page","type-page","status-publish","hentry"],"yoast_head":"<!-- This site is optimized with the Yoast SEO Premium plugin v25.3 (Yoast SEO v25.3) - https:\/\/yoast.com\/wordpress\/plugins\/seo\/ -->\n<title>Contact - XPmotors<\/title>\n<meta name=\"robots\" content=\"index, follow, max-snippet:-1, max-image-preview:large, max-video-preview:-1\" \/>\n<link rel=\"canonical\" href=\"https:\/\/xpmotors.com.mx\/en\/contact\/\" \/>\n<meta property=\"og:locale\" content=\"en_US\" \/>\n<meta property=\"og:type\" content=\"article\" \/>\n<meta property=\"og:title\" content=\"Contact\" \/>\n<meta property=\"og:description\" content=\"Luxury Begins with a Single Step. We are here to take your automotive experience to the next level. Whether you\u2019re looking to customize your vehicle, enhance its performance, or find exclusive parts, our team is ready to make your dream car a reality. Contact At XPMotors, we make your dream car a reality by providing [&hellip;]\" \/>\n<meta property=\"og:url\" content=\"https:\/\/xpmotors.com.mx\/en\/contact\/\" \/>\n<meta property=\"og:site_name\" content=\"XPmotors\" \/>\n<meta property=\"article:modified_time\" content=\"2025-05-24T14:32:07+00:00\" \/>\n<meta property=\"og:image\" content=\"https:\/\/xpmotors.com.mx\/wp-content\/uploads\/2023\/10\/pin.svg\" \/>\n<meta name=\"twitter:card\" content=\"summary_large_image\" \/>\n<meta name=\"twitter:label1\" content=\"Est. reading time\" \/>\n\t<meta name=\"twitter:data1\" content=\"1 minute\" \/>\n<script type=\"application\/ld+json\" class=\"yoast-schema-graph\">{\"@context\":\"https:\/\/schema.org\",\"@graph\":[{\"@type\":\"WebPage\",\"@id\":\"https:\/\/xpmotors.com.mx\/en\/contact\/\",\"url\":\"https:\/\/xpmotors.com.mx\/en\/contact\/\",\"name\":\"Contact - XPmotors\",\"isPartOf\":{\"@id\":\"https:\/\/xpmotors.com.mx\/#website\"},\"primaryImageOfPage\":{\"@id\":\"https:\/\/xpmotors.com.mx\/en\/contact\/#primaryimage\"},\"image\":{\"@id\":\"https:\/\/xpmotors.com.mx\/en\/contact\/#primaryimage\"},\"thumbnailUrl\":\"https:\/\/xpmotors.com.mx\/wp-content\/uploads\/2023\/10\/pin.svg\",\"datePublished\":\"2023-09-19T04:40:11+00:00\",\"dateModified\":\"2025-05-24T14:32:07+00:00\",\"breadcrumb\":{\"@id\":\"https:\/\/xpmotors.com.mx\/en\/contact\/#breadcrumb\"},\"inLanguage\":\"en-US\",\"potentialAction\":[{\"@type\":\"ReadAction\",\"target\":[\"https:\/\/xpmotors.com.mx\/en\/contact\/\"]}]},{\"@type\":\"ImageObject\",\"inLanguage\":\"en-US\",\"@id\":\"https:\/\/xpmotors.com.mx\/en\/contact\/#primaryimage\",\"url\":\"https:\/\/xpmotors.com.mx\/wp-content\/uploads\/2023\/10\/pin.svg\",\"contentUrl\":\"https:\/\/xpmotors.com.mx\/wp-content\/uploads\/2023\/10\/pin.svg\"},{\"@type\":\"BreadcrumbList\",\"@id\":\"https:\/\/xpmotors.com.mx\/en\/contact\/#breadcrumb\",\"itemListElement\":[{\"@type\":\"ListItem\",\"position\":1,\"name\":\"Portada\",\"item\":\"https:\/\/xpmotors.com.mx\/en\/\"},{\"@type\":\"ListItem\",\"position\":2,\"name\":\"Contact\"}]},{\"@type\":\"WebSite\",\"@id\":\"https:\/\/xpmotors.com.mx\/#website\",\"url\":\"https:\/\/xpmotors.com.mx\/\",\"name\":\"XPmotors\",\"description\":\"XP Motors es el destino para los amantes de los autos de lujo y alto rendimiento en M\u00e9xico. Compra, vende y descubre veh\u00edculos exclusivos con el respaldo de expertos apasionados por la perfecci\u00f3n automotriz\",\"publisher\":{\"@id\":\"https:\/\/xpmotors.com.mx\/#organization\"},\"potentialAction\":[{\"@type\":\"SearchAction\",\"target\":{\"@type\":\"EntryPoint\",\"urlTemplate\":\"https:\/\/xpmotors.com.mx\/?s={search_term_string}\"},\"query-input\":{\"@type\":\"PropertyValueSpecification\",\"valueRequired\":true,\"valueName\":\"search_term_string\"}}],\"inLanguage\":\"en-US\"},{\"@type\":\"Organization\",\"@id\":\"https:\/\/xpmotors.com.mx\/#organization\",\"name\":\"XPmotors\",\"url\":\"https:\/\/xpmotors.com.mx\/\",\"logo\":{\"@type\":\"ImageObject\",\"inLanguage\":\"en-US\",\"@id\":\"https:\/\/xpmotors.com.mx\/#\/schema\/logo\/image\/\",\"url\":\"https:\/\/xpmotors.com.mx\/wp-content\/uploads\/2025\/04\/Logo-XP-MOTORS-e1744394220795.png\",\"contentUrl\":\"https:\/\/xpmotors.com.mx\/wp-content\/uploads\/2025\/04\/Logo-XP-MOTORS-e1744394220795.png\",\"width\":1000,\"height\":1000,\"caption\":\"XPmotors\"},\"image\":{\"@id\":\"https:\/\/xpmotors.com.mx\/#\/schema\/logo\/image\/\"}}]}<\/script>\n<!-- \/ Yoast SEO Premium plugin. -->","yoast_head_json":{"title":"Contact - XPmotors","robots":{"index":"index","follow":"follow","max-snippet":"max-snippet:-1","max-image-preview":"max-image-preview:large","max-video-preview":"max-video-preview:-1"},"canonical":"https:\/\/xpmotors.com.mx\/en\/contact\/","og_locale":"en_US","og_type":"article","og_title":"Contact","og_description":"Luxury Begins with a Single Step. We are here to take your automotive experience to the next level. Whether you\u2019re looking to customize your vehicle, enhance its performance, or find exclusive parts, our team is ready to make your dream car a reality. Contact At XPMotors, we make your dream car a reality by providing [&hellip;]","og_url":"https:\/\/xpmotors.com.mx\/en\/contact\/","og_site_name":"XPmotors","article_modified_time":"2025-05-24T14:32:07+00:00","og_image":[{"url":"https:\/\/xpmotors.com.mx\/wp-content\/uploads\/2023\/10\/pin.svg","type":"","width":"","height":""}],"twitter_card":"summary_large_image","twitter_misc":{"Est. reading time":"1 minute"},"schema":{"@context":"https:\/\/schema.org","@graph":[{"@type":"WebPage","@id":"https:\/\/xpmotors.com.mx\/en\/contact\/","url":"https:\/\/xpmotors.com.mx\/en\/contact\/","name":"Contact - XPmotors","isPartOf":{"@id":"https:\/\/xpmotors.com.mx\/#website"},"primaryImageOfPage":{"@id":"https:\/\/xpmotors.com.mx\/en\/contact\/#primaryimage"},"image":{"@id":"https:\/\/xpmotors.com.mx\/en\/contact\/#primaryimage"},"thumbnailUrl":"https:\/\/xpmotors.com.mx\/wp-content\/uploads\/2023\/10\/pin.svg","datePublished":"2023-09-19T04:40:11+00:00","dateModified":"2025-05-24T14:32:07+00:00","breadcrumb":{"@id":"https:\/\/xpmotors.com.mx\/en\/contact\/#breadcrumb"},"inLanguage":"en-US","potentialAction":[{"@type":"ReadAction","target":["https:\/\/xpmotors.com.mx\/en\/contact\/"]}]},{"@type":"ImageObject","inLanguage":"en-US","@id":"https:\/\/xpmotors.com.mx\/en\/contact\/#primaryimage","url":"https:\/\/xpmotors.com.mx\/wp-content\/uploads\/2023\/10\/pin.svg","contentUrl":"https:\/\/xpmotors.com.mx\/wp-content\/uploads\/2023\/10\/pin.svg"},{"@type":"BreadcrumbList","@id":"https:\/\/xpmotors.com.mx\/en\/contact\/#breadcrumb","itemListElement":[{"@type":"ListItem","position":1,"name":"Portada","item":"https:\/\/xpmotors.com.mx\/en\/"},{"@type":"ListItem","position":2,"name":"Contact"}]},{"@type":"WebSite","@id":"https:\/\/xpmotors.com.mx\/#website","url":"https:\/\/xpmotors.com.mx\/","name":"XPmotors","description":"XP Motors es el destino para los amantes de los autos de lujo y alto rendimiento en M\u00e9xico. Compra, vende y descubre veh\u00edculos exclusivos con el respaldo de expertos apasionados por la perfecci\u00f3n automotriz","publisher":{"@id":"https:\/\/xpmotors.com.mx\/#organization"},"potentialAction":[{"@type":"SearchAction","target":{"@type":"EntryPoint","urlTemplate":"https:\/\/xpmotors.com.mx\/?s={search_term_string}"},"query-input":{"@type":"PropertyValueSpecification","valueRequired":true,"valueName":"search_term_string"}}],"inLanguage":"en-US"},{"@type":"Organization","@id":"https:\/\/xpmotors.com.mx\/#organization","name":"XPmotors","url":"https:\/\/xpmotors.com.mx\/","logo":{"@type":"ImageObject","inLanguage":"en-US","@id":"https:\/\/xpmotors.com.mx\/#\/schema\/logo\/image\/","url":"https:\/\/xpmotors.com.mx\/wp-content\/uploads\/2025\/04\/Logo-XP-MOTORS-e1744394220795.png","contentUrl":"https:\/\/xpmotors.com.mx\/wp-content\/uploads\/2025\/04\/Logo-XP-MOTORS-e1744394220795.png","width":1000,"height":1000,"caption":"XPmotors"},"image":{"@id":"https:\/\/xpmotors.com.mx\/#\/schema\/logo\/image\/"}}]}},"_links":{"self":[{"href":"https:\/\/xpmotors.com.mx\/en\/wp-json\/wp\/v2\/pages\/49","targetHints":{"allow":["GET"]}}],"collection":[{"href":"https:\/\/xpmotors.com.mx\/en\/wp-json\/wp\/v2\/pages"}],"about":[{"href":"https:\/\/xpmotors.com.mx\/en\/wp-json\/wp\/v2\/types\/page"}],"author":[{"embeddable":true,"href":"https:\/\/xpmotors.com.mx\/en\/wp-json\/wp\/v2\/users\/1"}],"replies":[{"embeddable":true,"href":"https:\/\/xpmotors.com.mx\/en\/wp-json\/wp\/v2\/comments?post=49"}],"version-history":[{"count":12,"href":"https:\/\/xpmotors.com.mx\/en\/wp-json\/wp\/v2\/pages\/49\/revisions"}],"predecessor-version":[{"id":7934,"href":"https:\/\/xpmotors.com.mx\/en\/wp-json\/wp\/v2\/pages\/49\/revisions\/7934"}],"wp:attachment":[{"href":"https:\/\/xpmotors.com.mx\/en\/wp-json\/wp\/v2\/media?parent=49"}],"curies":[{"name":"wp","href":"https:\/\/api.w.org\/{rel}","templated":true}]}}