{"id":6742,"date":"2024-12-09T22:55:56","date_gmt":"2024-12-09T22:55:56","guid":{"rendered":"http:\/\/xpmotors.local\/?page_id=6742"},"modified":"2025-02-05T06:28:29","modified_gmt":"2025-02-05T06:28:29","slug":"sell-my-car","status":"publish","type":"page","link":"https:\/\/xpmotors.com.mx\/en\/sell-my-car\/","title":{"rendered":"Sell my car"},"content":{"rendered":"\t\t<div data-elementor-type=\"wp-page\" data-elementor-id=\"6742\" class=\"elementor elementor-6742\" data-elementor-post-type=\"page\">\n\t\t\t\t<div class=\"elementor-element elementor-element-01cea94 e-flex e-con-boxed e-con e-parent\" data-id=\"01cea94\" data-element_type=\"container\">\n\t\t\t\t\t<div class=\"e-con-inner\">\n\t\t\t\t<div class=\"elementor-element elementor-element-cbaab98 elementor-widget elementor-widget-image\" data-id=\"cbaab98\" data-element_type=\"widget\" data-widget_type=\"image.default\">\n\t\t\t\t<div class=\"elementor-widget-container\">\n\t\t\t\t\t\t\t\t\t\t\t\t\t\t\t<img fetchpriority=\"high\" decoding=\"async\" width=\"5248\" height=\"1525\" src=\"https:\/\/xpmotors.com.mx\/wp-content\/uploads\/2024\/12\/clasic.png\" class=\"attachment-full size-full wp-image-6749\" alt=\"\" srcset=\"https:\/\/xpmotors.com.mx\/wp-content\/uploads\/2024\/12\/clasic.png 5248w, https:\/\/xpmotors.com.mx\/wp-content\/uploads\/2024\/12\/clasic-600x174.png 600w, https:\/\/xpmotors.com.mx\/wp-content\/uploads\/2024\/12\/clasic-300x87.png 300w, https:\/\/xpmotors.com.mx\/wp-content\/uploads\/2024\/12\/clasic-1024x298.png 1024w, https:\/\/xpmotors.com.mx\/wp-content\/uploads\/2024\/12\/clasic-768x223.png 768w, https:\/\/xpmotors.com.mx\/wp-content\/uploads\/2024\/12\/clasic-1536x446.png 1536w, https:\/\/xpmotors.com.mx\/wp-content\/uploads\/2024\/12\/clasic-2048x595.png 2048w\" sizes=\"(max-width: 5248px) 100vw, 5248px\" \/>\t\t\t\t\t\t\t\t\t\t\t\t\t\t\t<\/div>\n\t\t\t\t<\/div>\n\t\t\t\t\t<\/div>\n\t\t\t\t<\/div>\n\t\t<div class=\"elementor-element elementor-element-94bbd47 e-flex e-con-boxed e-con e-parent\" data-id=\"94bbd47\" data-element_type=\"container\">\n\t\t\t\t\t<div class=\"e-con-inner\">\n\t\t\t\t<div class=\"elementor-element elementor-element-376937b elementor-widget elementor-widget-formidable\" data-id=\"376937b\" data-element_type=\"widget\" data-widget_type=\"formidable.default\">\n\t\t\t\t<div class=\"elementor-widget-container\">\n\t\t\t\t\t<div class=\"frm_forms  with_frm_style frm_style_formidable-style\" id=\"frm_form_5_container\" data-token=\"0d19c0a7d8a3d0f645738a37df5cc23c\">\n<form enctype=\"multipart\/form-data\" method=\"post\" class=\"frm-show-form  frm_ajax_submit  frm_pro_form \" id=\"form_formulario-venta2\" data-token=\"0d19c0a7d8a3d0f645738a37df5cc23c\">\n<div class=\"frm_form_fields  frm_page_num_1\">\n<fieldset>\n<legend class=\"frm_screen_reader\">Formulario Venta<\/legend>\r\n\r\n<div class=\"frm_fields_container\">\n<div class=\"frm_rootline_group\" role=\"group\" tabindex=\"0\" aria-label=\"Page 1 of 4\" ><ul class=\"frm_page_bar frm_rootline_4 frm_rootline frm_rootline_line  frm_show_lines frm_show_titles\"><li class=\"frm_rootline_single frm_current_page\"><input type=\"button\" value=\"1\" data-page=\"\" class=\" frm_page_1\" aria-disabled=\"true\" data-field=\"0\" aria-label=\"Car Information\"  \/><span class=\"frm_rootline_title\">Car Information<\/span><\/li><li class=\"frm_rootline_single\"><input type=\"button\" value=\"2\" data-page=\"14\" class=\"frm_page_skip frm_page_2\" data-field=\"60\" aria-label=\"Car Conditions\"  \/><span class=\"frm_rootline_title\">Car Conditions<\/span><\/li><li class=\"frm_rootline_single\"><input type=\"button\" value=\"3\" data-page=\"20\" class=\"frm_page_skip frm_page_3\" data-field=\"64\" aria-label=\"Photos\"  \/><span class=\"frm_rootline_title\">Photos<\/span><\/li>\t\t<li class=\"frm_rootline_single frm_rootline_show_hidden_steps_btn frm_hidden\">\n\t\t\t<input type=\"button\" class=\"frm_rootline_show_more_btn\" value=\"\u00b7\u00b7\u00b7\" \/>\n\t\t\t<ul class=\"frm_rootline_hidden_steps frm_hidden\"><\/ul>\n\t\t<\/li>\n\t\t<li class=\"frm_rootline_single\"><input type=\"button\" value=\"4\" data-page=\"25\" class=\"frm_page_skip frm_page_4\" data-field=\"67\" aria-label=\"Personal Information\"  \/><span class=\"frm_rootline_title\">Personal Information<\/span><\/li><\/ul><div class=\"frm_clearfix\"><\/div><\/div><input type=\"hidden\" name=\"frm_action\" value=\"create\" \/>\n<input type=\"hidden\" name=\"form_id\" value=\"5\" \/>\n<input type=\"hidden\" name=\"frm_hide_fields_5\" id=\"frm_hide_fields_5\" value=\"\" \/>\n<input type=\"hidden\" name=\"form_key\" value=\"formulario-venta2\" \/>\n<input type=\"hidden\" name=\"item_meta[0]\" value=\"\" \/>\n<input type=\"hidden\" id=\"frm_submit_entry_5\" name=\"frm_submit_entry_5\" value=\"9599e93c17\" \/><input type=\"hidden\" name=\"_wp_http_referer\" value=\"\/en\/wp-json\/wp\/v2\/pages\/6742\" \/><div id=\"frm_field_51_container\" class=\"frm_form_field form-field  frm_required_field frm_top_container frm4 frm_first\">\r\n\t<label for=\"field_dckdb2\" id=\"field_dckdb2_label\" class=\"frm_primary_label\">Vehicle Brand \r\n\t\t<span class=\"frm_required\" aria-hidden=\"true\">*<\/span>\r\n\t<\/label>\r\n\t<input  type=\"text\" id=\"field_dckdb2\" name=\"item_meta[51]\" value=\"\"  data-reqmsg=\"Fill in the field Vehicle Brand , it cannot be left blank.\" aria-required=\"true\" data-invmsg=\"Vehicle Brand  is invalid\" aria-invalid=\"false\"   \/>\r\n\t\r\n\t\r\n<\/div>\n<div id=\"frm_field_52_container\" class=\"frm_form_field form-field  frm_required_field frm_top_container frm4\">\r\n\t<label for=\"field_uqb0h2\" id=\"field_uqb0h2_label\" class=\"frm_primary_label\">Model\r\n\t\t<span class=\"frm_required\" aria-hidden=\"true\">*<\/span>\r\n\t<\/label>\r\n\t<input  type=\"text\" id=\"field_uqb0h2\" name=\"item_meta[52]\" value=\"\"  data-reqmsg=\"Fill in the field Model, it cannot be left blank.\" aria-required=\"true\" data-invmsg=\"Model is invalid\" aria-invalid=\"false\"   \/>\r\n\t\r\n\t\r\n<\/div>\n<div id=\"frm_field_53_container\" class=\"frm_form_field form-field  frm_required_field frm_top_container frm4\">\r\n\t<label for=\"field_kbzug2\" id=\"field_kbzug2_label\" class=\"frm_primary_label\">Year\r\n\t\t<span class=\"frm_required\" aria-hidden=\"true\">*<\/span>\r\n\t<\/label>\r\n\t<input  type=\"text\" id=\"field_kbzug2\" name=\"item_meta[53]\" value=\"\"  data-reqmsg=\"Fill in the field Year, it cannot be left blank.\" aria-required=\"true\" data-invmsg=\"Year is invalid\" aria-invalid=\"false\"   \/>\r\n\t\r\n\t\r\n<\/div>\n<div id=\"frm_field_54_container\" class=\"frm_form_field form-field  frm_required_field frm_top_container frm4 frm_first\">\r\n\t<label for=\"field_ayklo2\" id=\"field_ayklo2_label\" class=\"frm_primary_label\">Asking Price\r\n\t\t<span class=\"frm_required\" aria-hidden=\"true\">*<\/span>\r\n\t<\/label>\r\n\t<input  type=\"text\" id=\"field_ayklo2\" name=\"item_meta[54]\" value=\"\"  data-reqmsg=\"Fill in the field Asking Price, it cannot be left blank.\" aria-required=\"true\" data-invmsg=\"Asking Price is invalid\" aria-invalid=\"false\"   \/>\r\n\t\r\n\t\r\n<\/div>\n<div id=\"frm_field_55_container\" class=\"frm_form_field form-field  frm_required_field frm_top_container frm4\">\r\n\t<label for=\"field_10o5f2\" id=\"field_10o5f2_label\" class=\"frm_primary_label\">Vehicle Identification Number (VIN)\r\n\t\t<span class=\"frm_required\" aria-hidden=\"true\">*<\/span>\r\n\t<\/label>\r\n\t<input  type=\"text\" id=\"field_10o5f2\" name=\"item_meta[55]\" value=\"\"  data-reqmsg=\"Fill in the field Vehicle Identification Number (VIN), it cannot be left blank.\" aria-required=\"true\" data-invmsg=\"Vehicle Identification Number (VIN) is invalid\" aria-invalid=\"false\"   \/>\r\n\t\r\n\t\r\n<\/div>\n<div id=\"frm_field_56_container\" class=\"frm_form_field form-field  frm_top_container frm4\">\r\n\t<label for=\"field_xt6yq2\" id=\"field_xt6yq2_label\" class=\"frm_primary_label\">Mileage\r\n\t\t<span class=\"frm_required\" aria-hidden=\"true\"><\/span>\r\n\t<\/label>\r\n\t<input  type=\"text\" id=\"field_xt6yq2\" name=\"item_meta[56]\" value=\"\"  data-invmsg=\"Mileage is invalid\" aria-invalid=\"false\"   \/>\r\n\t\r\n\t\r\n<\/div>\n<div id=\"frm_field_57_container\" class=\"frm_form_field form-field  frm_top_container frm4 frm_first\">\r\n\t<label for=\"field_mp6j02\" id=\"field_mp6j02_label\" class=\"frm_primary_label\">Exterior Color\r\n\t\t<span class=\"frm_required\" aria-hidden=\"true\"><\/span>\r\n\t<\/label>\r\n\t<input  type=\"text\" id=\"field_mp6j02\" name=\"item_meta[57]\" value=\"\"  data-invmsg=\"Exterior Color is invalid\" aria-invalid=\"false\"   \/>\r\n\t\r\n\t\r\n<\/div>\n<div id=\"frm_field_58_container\" class=\"frm_form_field form-field  frm_top_container frm4\">\r\n\t<label for=\"field_j99c42\" id=\"field_j99c42_label\" class=\"frm_primary_label\">Interior Color\r\n\t\t<span class=\"frm_required\" aria-hidden=\"true\"><\/span>\r\n\t<\/label>\r\n\t<input  type=\"text\" id=\"field_j99c42\" name=\"item_meta[58]\" value=\"\"  data-invmsg=\"Interior Color is invalid\" aria-invalid=\"false\"   \/>\r\n\t\r\n\t\r\n<\/div>\n<div id=\"frm_field_59_container\" class=\"frm_form_field form-field  frm_top_container frm4\">\r\n\t<label for=\"field_1x8fj2\" id=\"field_1x8fj2_label\" class=\"frm_primary_label\">Transmission\r\n\t\t<span class=\"frm_required\" aria-hidden=\"true\"><\/span>\r\n\t<\/label>\r\n\t<input  type=\"text\" id=\"field_1x8fj2\" name=\"item_meta[59]\" value=\"\"  data-invmsg=\"Transmission is invalid\" aria-invalid=\"false\"   \/>\r\n\t\r\n\t\r\n<\/div>\n<input type=\"hidden\" name=\"frm_page_order_5\" id=\"frm_page_order_5\" value=\"14\" \/><input type=\"hidden\" name=\"item_meta[61]\" id=\"field_1vqyn2-0\" value=\"\"     \/>\n<input type=\"hidden\" name=\"item_meta[62]\" id=\"field_i2k1d2-0\" value=\"\"     \/>\n<input type=\"hidden\" name=\"item_meta[63]\" id=\"field_l4qp12-0\" value=\"\"     \/>\n<input type=\"hidden\" name=\"item_meta[64]\" id=\"field_6e4hn2\" value=\"\"     \/>\n<input type=\"hidden\" name=\"item_meta[65]\" id=\"field_di0vg2\" value=\"\"     \/>\n<input type=\"hidden\" name=\"item_meta[66]\" id=\"field_1s3932\" value=\"\"     \/>\n<input type=\"hidden\" name=\"item_meta[67]\" id=\"field_arp1c2\" value=\"\"     \/>\n<input type=\"hidden\" name=\"item_meta[68]\" id=\"field_uda5k2\" value=\"\"     \/>\n<input type=\"hidden\" name=\"item_meta[69]\" id=\"field_ol9tn2\" value=\"\"     \/>\n<input type=\"hidden\" name=\"item_meta[70]\" id=\"field_rbzul2\" value=\"\"     \/>\n<input type=\"hidden\" name=\"item_meta[71]\" id=\"field_mkhzb2\" value=\"\"     \/>\n<input type=\"hidden\" name=\"item_meta[72]\" id=\"field_uqbo32\" value=\"\"     \/>\n<input type=\"hidden\" name=\"item_meta[73]\" id=\"field_submit32\" value=\"\"     \/>\n\t<input type=\"hidden\" name=\"item_key\" value=\"\" \/>\n\t\t\t\t<div class=\"frm__675764853682d\">\n\t\t\t\t<label for=\"frm_email_5\" >\n\t\t\t\t\tIf you are human, leave this field blank.\t\t\t\t<\/label>\n\t\t\t\t<input  id=\"frm_email_5\" type=\"text\" class=\"frm_verify\" name=\"frm__675764853682d\" value=\"\" autocomplete=\"off\"  \/>\n\t\t\t<\/div>\n\t\t<input name=\"frm_state\" type=\"hidden\" value=\"InjTGK4E6z+JnYYxmt7b0kexy6+Tk3kfml5evUfOfQE=\" \/><div class=\"frm_submit frm_flex\">\r\n<button class=\"frm_button_submit\" type=\"submit\"  >Next<\/button>\r\n\r\n\r\n\r\n<\/div><\/div>\n<\/fieldset>\n<\/div>\n\n<\/form>\n<\/div>\n\t\t\t\t<\/div>\n\t\t\t\t<\/div>\n\t\t\t\t\t<\/div>\n\t\t\t\t<\/div>\n\t\t\t\t<\/div>\n\t\t","protected":false},"excerpt":{"rendered":"<p>Formulario Venta Car Information Car Conditions Photos Personal Information Vehicle Brand * Model * Year * Asking Price * Vehicle Identification Number (VIN) * Mileage Exterior Color Interior Color Transmission If you are human, leave this field blank. Next<\/p>\n","protected":false},"author":1,"featured_media":0,"parent":0,"menu_order":0,"comment_status":"closed","ping_status":"closed","template":"","meta":{"footnotes":""},"class_list":["post-6742","page","type-page","status-publish","hentry"],"yoast_head":"<!-- This site is optimized with the Yoast SEO Premium plugin v25.3 (Yoast SEO v25.3) - https:\/\/yoast.com\/wordpress\/plugins\/seo\/ -->\n<title>Sell my car - XPmotors<\/title>\n<meta name=\"robots\" content=\"index, follow, max-snippet:-1, max-image-preview:large, max-video-preview:-1\" \/>\n<link rel=\"canonical\" href=\"https:\/\/xpmotors.com.mx\/en\/sell-my-car\/\" \/>\n<meta property=\"og:locale\" content=\"en_US\" \/>\n<meta property=\"og:type\" content=\"article\" \/>\n<meta property=\"og:title\" content=\"Sell my car\" \/>\n<meta property=\"og:description\" content=\"Formulario Venta Car Information Car Conditions Photos Personal Information Vehicle Brand * Model * Year * Asking Price * Vehicle Identification Number (VIN) * Mileage Exterior Color Interior Color Transmission If you are human, leave this field blank. Next\" \/>\n<meta property=\"og:url\" content=\"https:\/\/xpmotors.com.mx\/en\/sell-my-car\/\" \/>\n<meta property=\"og:site_name\" content=\"XPmotors\" \/>\n<meta property=\"article:modified_time\" content=\"2025-02-05T06:28:29+00:00\" \/>\n<meta property=\"og:image\" content=\"https:\/\/xpmotors.com.mx\/wp-content\/uploads\/2024\/12\/clasic.png\" \/>\n<meta name=\"twitter:card\" content=\"summary_large_image\" \/>\n<script type=\"application\/ld+json\" class=\"yoast-schema-graph\">{\"@context\":\"https:\/\/schema.org\",\"@graph\":[{\"@type\":\"WebPage\",\"@id\":\"https:\/\/xpmotors.com.mx\/en\/sell-my-car\/\",\"url\":\"https:\/\/xpmotors.com.mx\/en\/sell-my-car\/\",\"name\":\"Sell my car - XPmotors\",\"isPartOf\":{\"@id\":\"https:\/\/xpmotors.com.mx\/#website\"},\"primaryImageOfPage\":{\"@id\":\"https:\/\/xpmotors.com.mx\/en\/sell-my-car\/#primaryimage\"},\"image\":{\"@id\":\"https:\/\/xpmotors.com.mx\/en\/sell-my-car\/#primaryimage\"},\"thumbnailUrl\":\"https:\/\/xpmotors.com.mx\/wp-content\/uploads\/2024\/12\/clasic.png\",\"datePublished\":\"2024-12-09T22:55:56+00:00\",\"dateModified\":\"2025-02-05T06:28:29+00:00\",\"breadcrumb\":{\"@id\":\"https:\/\/xpmotors.com.mx\/en\/sell-my-car\/#breadcrumb\"},\"inLanguage\":\"en-US\",\"potentialAction\":[{\"@type\":\"ReadAction\",\"target\":[\"https:\/\/xpmotors.com.mx\/en\/sell-my-car\/\"]}]},{\"@type\":\"ImageObject\",\"inLanguage\":\"en-US\",\"@id\":\"https:\/\/xpmotors.com.mx\/en\/sell-my-car\/#primaryimage\",\"url\":\"https:\/\/xpmotors.com.mx\/wp-content\/uploads\/2024\/12\/clasic.png\",\"contentUrl\":\"https:\/\/xpmotors.com.mx\/wp-content\/uploads\/2024\/12\/clasic.png\"},{\"@type\":\"BreadcrumbList\",\"@id\":\"https:\/\/xpmotors.com.mx\/en\/sell-my-car\/#breadcrumb\",\"itemListElement\":[{\"@type\":\"ListItem\",\"position\":1,\"name\":\"Portada\",\"item\":\"https:\/\/xpmotors.com.mx\/en\/\"},{\"@type\":\"ListItem\",\"position\":2,\"name\":\"Sell my car\"}]},{\"@type\":\"WebSite\",\"@id\":\"https:\/\/xpmotors.com.mx\/#website\",\"url\":\"https:\/\/xpmotors.com.mx\/\",\"name\":\"XPmotors\",\"description\":\"XP Motors es el destino para los amantes de los autos de lujo y alto rendimiento en M\u00e9xico. Compra, vende y descubre veh\u00edculos exclusivos con el respaldo de expertos apasionados por la perfecci\u00f3n automotriz\",\"publisher\":{\"@id\":\"https:\/\/xpmotors.com.mx\/#organization\"},\"potentialAction\":[{\"@type\":\"SearchAction\",\"target\":{\"@type\":\"EntryPoint\",\"urlTemplate\":\"https:\/\/xpmotors.com.mx\/?s={search_term_string}\"},\"query-input\":{\"@type\":\"PropertyValueSpecification\",\"valueRequired\":true,\"valueName\":\"search_term_string\"}}],\"inLanguage\":\"en-US\"},{\"@type\":\"Organization\",\"@id\":\"https:\/\/xpmotors.com.mx\/#organization\",\"name\":\"XPmotors\",\"url\":\"https:\/\/xpmotors.com.mx\/\",\"logo\":{\"@type\":\"ImageObject\",\"inLanguage\":\"en-US\",\"@id\":\"https:\/\/xpmotors.com.mx\/#\/schema\/logo\/image\/\",\"url\":\"https:\/\/xpmotors.com.mx\/wp-content\/uploads\/2025\/04\/Logo-XP-MOTORS-e1744394220795.png\",\"contentUrl\":\"https:\/\/xpmotors.com.mx\/wp-content\/uploads\/2025\/04\/Logo-XP-MOTORS-e1744394220795.png\",\"width\":1000,\"height\":1000,\"caption\":\"XPmotors\"},\"image\":{\"@id\":\"https:\/\/xpmotors.com.mx\/#\/schema\/logo\/image\/\"}}]}<\/script>\n<!-- \/ Yoast SEO Premium plugin. -->","yoast_head_json":{"title":"Sell my car - XPmotors","robots":{"index":"index","follow":"follow","max-snippet":"max-snippet:-1","max-image-preview":"max-image-preview:large","max-video-preview":"max-video-preview:-1"},"canonical":"https:\/\/xpmotors.com.mx\/en\/sell-my-car\/","og_locale":"en_US","og_type":"article","og_title":"Sell my car","og_description":"Formulario Venta Car Information Car Conditions Photos Personal Information Vehicle Brand * Model * Year * Asking Price * Vehicle Identification Number (VIN) * Mileage Exterior Color Interior Color Transmission If you are human, leave this field blank. Next","og_url":"https:\/\/xpmotors.com.mx\/en\/sell-my-car\/","og_site_name":"XPmotors","article_modified_time":"2025-02-05T06:28:29+00:00","og_image":[{"url":"https:\/\/xpmotors.com.mx\/wp-content\/uploads\/2024\/12\/clasic.png","type":"","width":"","height":""}],"twitter_card":"summary_large_image","schema":{"@context":"https:\/\/schema.org","@graph":[{"@type":"WebPage","@id":"https:\/\/xpmotors.com.mx\/en\/sell-my-car\/","url":"https:\/\/xpmotors.com.mx\/en\/sell-my-car\/","name":"Sell my car - XPmotors","isPartOf":{"@id":"https:\/\/xpmotors.com.mx\/#website"},"primaryImageOfPage":{"@id":"https:\/\/xpmotors.com.mx\/en\/sell-my-car\/#primaryimage"},"image":{"@id":"https:\/\/xpmotors.com.mx\/en\/sell-my-car\/#primaryimage"},"thumbnailUrl":"https:\/\/xpmotors.com.mx\/wp-content\/uploads\/2024\/12\/clasic.png","datePublished":"2024-12-09T22:55:56+00:00","dateModified":"2025-02-05T06:28:29+00:00","breadcrumb":{"@id":"https:\/\/xpmotors.com.mx\/en\/sell-my-car\/#breadcrumb"},"inLanguage":"en-US","potentialAction":[{"@type":"ReadAction","target":["https:\/\/xpmotors.com.mx\/en\/sell-my-car\/"]}]},{"@type":"ImageObject","inLanguage":"en-US","@id":"https:\/\/xpmotors.com.mx\/en\/sell-my-car\/#primaryimage","url":"https:\/\/xpmotors.com.mx\/wp-content\/uploads\/2024\/12\/clasic.png","contentUrl":"https:\/\/xpmotors.com.mx\/wp-content\/uploads\/2024\/12\/clasic.png"},{"@type":"BreadcrumbList","@id":"https:\/\/xpmotors.com.mx\/en\/sell-my-car\/#breadcrumb","itemListElement":[{"@type":"ListItem","position":1,"name":"Portada","item":"https:\/\/xpmotors.com.mx\/en\/"},{"@type":"ListItem","position":2,"name":"Sell my car"}]},{"@type":"WebSite","@id":"https:\/\/xpmotors.com.mx\/#website","url":"https:\/\/xpmotors.com.mx\/","name":"XPmotors","description":"XP Motors es el destino para los amantes de los autos de lujo y alto rendimiento en M\u00e9xico. Compra, vende y descubre veh\u00edculos exclusivos con el respaldo de expertos apasionados por la perfecci\u00f3n automotriz","publisher":{"@id":"https:\/\/xpmotors.com.mx\/#organization"},"potentialAction":[{"@type":"SearchAction","target":{"@type":"EntryPoint","urlTemplate":"https:\/\/xpmotors.com.mx\/?s={search_term_string}"},"query-input":{"@type":"PropertyValueSpecification","valueRequired":true,"valueName":"search_term_string"}}],"inLanguage":"en-US"},{"@type":"Organization","@id":"https:\/\/xpmotors.com.mx\/#organization","name":"XPmotors","url":"https:\/\/xpmotors.com.mx\/","logo":{"@type":"ImageObject","inLanguage":"en-US","@id":"https:\/\/xpmotors.com.mx\/#\/schema\/logo\/image\/","url":"https:\/\/xpmotors.com.mx\/wp-content\/uploads\/2025\/04\/Logo-XP-MOTORS-e1744394220795.png","contentUrl":"https:\/\/xpmotors.com.mx\/wp-content\/uploads\/2025\/04\/Logo-XP-MOTORS-e1744394220795.png","width":1000,"height":1000,"caption":"XPmotors"},"image":{"@id":"https:\/\/xpmotors.com.mx\/#\/schema\/logo\/image\/"}}]}},"_links":{"self":[{"href":"https:\/\/xpmotors.com.mx\/en\/wp-json\/wp\/v2\/pages\/6742","targetHints":{"allow":["GET"]}}],"collection":[{"href":"https:\/\/xpmotors.com.mx\/en\/wp-json\/wp\/v2\/pages"}],"about":[{"href":"https:\/\/xpmotors.com.mx\/en\/wp-json\/wp\/v2\/types\/page"}],"author":[{"embeddable":true,"href":"https:\/\/xpmotors.com.mx\/en\/wp-json\/wp\/v2\/users\/1"}],"replies":[{"embeddable":true,"href":"https:\/\/xpmotors.com.mx\/en\/wp-json\/wp\/v2\/comments?post=6742"}],"version-history":[{"count":23,"href":"https:\/\/xpmotors.com.mx\/en\/wp-json\/wp\/v2\/pages\/6742\/revisions"}],"predecessor-version":[{"id":7625,"href":"https:\/\/xpmotors.com.mx\/en\/wp-json\/wp\/v2\/pages\/6742\/revisions\/7625"}],"wp:attachment":[{"href":"https:\/\/xpmotors.com.mx\/en\/wp-json\/wp\/v2\/media?parent=6742"}],"curies":[{"name":"wp","href":"https:\/\/api.w.org\/{rel}","templated":true}]}}